{"id":14,"date":"2016-04-22T18:09:22","date_gmt":"2016-04-22T17:09:22","guid":{"rendered":"http:\/\/globaldesigncreations.com\/espacemariton\/?page_id=14"},"modified":"2025-11-28T10:57:02","modified_gmt":"2025-11-28T10:57:02","slug":"contact","status":"publish","type":"page","link":"https:\/\/miac.fr\/en\/contact","title":{"rendered":"CONTACT"},"content":{"rendered":"<div class=\"contactMariton\" style=\"display: block; max-height: 790px; text-align: center;\">Une question? N&#8217;h\u00e9sitez pas \u00e0 nous contacter !<\/div>\n<div class=\"contactMariton\" style=\"display: block; max-height: 790px; text-align: center;\">MIAC : Mariton International Art Center<\/div>\n<div class=\"contactMariton\" style=\"display: block; max-height: 790px; text-align: center;\">Jeremy Gani<br \/>Whatsapp : +33608227544<br \/>jeremygani18@yahoo.fr<\/div>\n<div class=\"contactMariton\" style=\"display: block; max-height: 790px;\">www.miac.fr<\/div>\n<div class=\"MapMariton\" style=\"display: block; margin-top: -1em; padding: 0;\"><a href=\"https:\/\/www.google.es\/maps\/place\/Espace+Mariton\/@48.9067651,2.3340692,17z\/data=!4m13!1m7!3m6!1s0x47e66ee54b4cb803:0xc71b2880b842961!2s4+Rue+Mariton,+93400+Saint-Ouen,+Francia!3b1!8m2!3d48.9067616!4d2.3362632!3m4!1s0x47e66ee54c7cafa7:0x1b33ccf3f97796c8!8m2!3d48.9068618!4d2.3363217\"><img decoding=\"async\" class=\"aligncenter\" src=\"http:\/\/miac.fr\/wp-content\/uploads\/2016\/07\/Mariton.png\" alt=\"EspaceMariton\" \/><\/a><\/div>\n<p><span style=\"border-radius: 2px; text-indent: 20px; width: auto; padding: 0px 4px 0px 0px; text-align: center; font: bold 11px\/20px 'Helvetica Neue',Helvetica,sans-serif; color: #ffffff; background: #bd081c no-repeat scroll 3px 50% \/ 14px 14px; position: absolute; opacity: 0.85; z-index: 8675309; display: none; cursor: pointer; top: 276px; left: 20px;\">Guardar<\/span><\/p>\n<p><span style=\"border-radius: 2px; text-indent: 20px; width: auto; padding: 0px 4px 0px 0px; text-align: center; font: bold 11px\/20px 'Helvetica Neue',Helvetica,sans-serif; color: #ffffff; background: #bd081c no-repeat scroll 3px 50% \/ 14px 14px; position: absolute; opacity: 0.85; z-index: 8675309; display: none; cursor: pointer; top: 276px; left: 20px;\">Guardar<\/span><\/p>\n<p style=\"text-align: center;\">Documents et conditions de location de bureaux.<br \/>1. Photocopie de pi\u00e8ce d\u2019identit\u00e9 recto verso<br \/>2. K-bis de votre soci\u00e9t\u00e9.<\/p>\n<p style=\"text-align: center;\">Bail Pr\u00e9caire de 1 an ferme.<br \/>Wi-Fi en option suppl\u00e9mentaire.<br \/>2 mois d\u00e9p\u00f4t de garantie encaissable.<br \/>1 mois de loyer d\u2019avance.<br \/>1 mois de commission pour la Soci\u00e9t\u00e9 MIAC<br \/>pour r\u00e9diger le bail.<br \/>1 mois de commission si vous passez par<br \/>Bureaux \u00e0 partager ou Ubiq.<br \/>Consigne pour les 3 cl\u00e9s d\u2019entr\u00e9e 180\u20acTTC.<br \/>Attestation D\u2019assurance. Virement Bancaire.<a href=\"https:\/\/www.google.es\/maps\/place\/Espace+Mariton\/@48.9067651,2.3340692,17z\/data=!4m13!1m7!3m6!1s0x47e66ee54b4cb803:0xc71b2880b842961!2s4+Rue+Mariton,+93400+Saint-Ouen,+Francia!3b1!8m2!3d48.9067616!4d2.3362632!3m4!1s0x47e66ee54c7cafa7:0x1b33ccf3f97796c8!8m2!3d48.9068618!4d2.3363217\"><br \/><\/a><\/p>\n<p><span style=\"border-radius: 2px; text-indent: 20px; width: auto; padding: 0px 4px 0px 0px; text-align: center; font: bold 11px\/20px 'Helvetica Neue',Helvetica,sans-serif; color: #ffffff; background: #bd081c no-repeat scroll 3px 50% \/ 14px 14px; position: absolute; opacity: 0.85; z-index: 8675309; display: none; cursor: pointer; top: 276px; left: 20px;\">Guardar<\/span><\/p>\n<p><span style=\"border-radius: 2px; text-indent: 20px; width: auto; padding: 0px 4px 0px 0px; text-align: center; font: bold 11px\/20px 'Helvetica Neue',Helvetica,sans-serif; color: #ffffff; background: #bd081c no-repeat scroll 3px 50% \/ 14px 14px; position: absolute; opacity: 0.85; z-index: 8675309; display: none; cursor: pointer; top: 276px; left: 20px;\">Guardar<\/span><\/p>\n\n\n<div class=\"wp-block-contact-form-7-contact-form-selector\">\n<div class=\"wpcf7 no-js\" id=\"wpcf7-f126-o1\" lang=\"fr-FR\" dir=\"ltr\" data-wpcf7-id=\"126\">\n<div class=\"screen-reader-response\"><p role=\"status\" aria-live=\"polite\" aria-atomic=\"true\"><\/p> <ul><\/ul><\/div>\n<form action=\"\/en\/wp-json\/wp\/v2\/pages\/14#wpcf7-f126-o1\" method=\"post\" class=\"wpcf7-form init\" aria-label=\"Formulaire de contact\" novalidate=\"novalidate\" data-status=\"init\">\n<fieldset class=\"hidden-fields-container\"><input type=\"hidden\" name=\"_wpcf7\" value=\"126\" \/><input type=\"hidden\" name=\"_wpcf7_version\" value=\"6.1.5\" \/><input type=\"hidden\" name=\"_wpcf7_locale\" value=\"fr_FR\" \/><input type=\"hidden\" name=\"_wpcf7_unit_tag\" value=\"wpcf7-f126-o1\" \/><input type=\"hidden\" name=\"_wpcf7_container_post\" value=\"0\" \/><input type=\"hidden\" name=\"_wpcf7_posted_data_hash\" value=\"\" \/>\n<\/fieldset>\n<p>Votre nom (obligatoire)\n<\/p>\n<p><span class=\"wpcf7-form-control-wrap\" data-name=\"your-name\"><input size=\"40\" maxlength=\"400\" class=\"wpcf7-form-control wpcf7-text wpcf7-validates-as-required\" aria-required=\"true\" aria-invalid=\"false\" value=\"\" type=\"text\" name=\"your-name\" \/><\/span>\n<\/p>\n<p>Votre email (obligatoire)\n<\/p>\n<p><span class=\"wpcf7-form-control-wrap\" data-name=\"your-email\"><input size=\"40\" maxlength=\"400\" class=\"wpcf7-form-control wpcf7-email wpcf7-validates-as-required wpcf7-text wpcf7-validates-as-email\" aria-required=\"true\" aria-invalid=\"false\" value=\"\" type=\"email\" name=\"your-email\" \/><\/span>\n<\/p>\n<p>Sujet\n<\/p>\n<p><span class=\"wpcf7-form-control-wrap\" data-name=\"your-subject\"><input size=\"40\" maxlength=\"400\" class=\"wpcf7-form-control wpcf7-text\" aria-invalid=\"false\" value=\"\" type=\"text\" name=\"your-subject\" \/><\/span>\n<\/p>\n<p>Votre message\n<\/p>\n<p><span class=\"wpcf7-form-control-wrap\" data-name=\"your-message\"><textarea cols=\"40\" rows=\"10\" maxlength=\"2000\" class=\"wpcf7-form-control wpcf7-textarea\" aria-invalid=\"false\" name=\"your-message\"><\/textarea><\/span>\n<\/p>\n<p><input class=\"wpcf7-form-control wpcf7-submit has-spinner\" type=\"submit\" value=\"Envoyer\" \/>\n<\/p><p style=\"display: none !important;\" class=\"akismet-fields-container\" data-prefix=\"_wpcf7_ak_\"><label>&#916;<textarea name=\"_wpcf7_ak_hp_textarea\" cols=\"45\" rows=\"8\" maxlength=\"100\"><\/textarea><\/label><input type=\"hidden\" id=\"ak_js_1\" name=\"_wpcf7_ak_js\" value=\"230\"\/><script>document.getElementById( \"ak_js_1\" ).setAttribute( \"value\", ( new Date() ).getTime() );<\/script><\/p><div class=\"wpcf7-response-output\" aria-hidden=\"true\"><\/div>\n<\/form>\n<\/div>\n<\/div>\n","protected":false},"excerpt":{"rendered":"<p>Une question? N&#8217;h\u00e9sitez pas \u00e0 nous contacter ! MIAC : Mariton International Art Center Jeremy GaniWhatsapp : +33608227544jeremygani18@yahoo.fr www.miac.fr Guardar Guardar Documents et conditions de location de bureaux.1. Photocopie de pi\u00e8ce d\u2019identit\u00e9 recto verso2. K-bis de votre soci\u00e9t\u00e9. Bail Pr\u00e9caire de 1 an ferme.Wi-Fi en option suppl\u00e9mentaire.2 mois d\u00e9p\u00f4t de garantie encaissable.1 mois de loyer &hellip; <a href=\"https:\/\/miac.fr\/en\/contact\" class=\"more-link\">Continue reading <span class=\"screen-reader-text\">CONTACT<\/span><\/a><\/p>\n","protected":false},"author":1,"featured_media":0,"parent":0,"menu_order":0,"comment_status":"closed","ping_status":"closed","template":"page-templates\/full-width-page.php","meta":{"footnotes":""},"class_list":["post-14","page","type-page","status-publish","hentry","gallery-content-unit","without-featured-image"],"jetpack_sharing_enabled":true,"_links":{"self":[{"href":"https:\/\/miac.fr\/en\/wp-json\/wp\/v2\/pages\/14","targetHints":{"allow":["GET"]}}],"collection":[{"href":"https:\/\/miac.fr\/en\/wp-json\/wp\/v2\/pages"}],"about":[{"href":"https:\/\/miac.fr\/en\/wp-json\/wp\/v2\/types\/page"}],"author":[{"embeddable":true,"href":"https:\/\/miac.fr\/en\/wp-json\/wp\/v2\/users\/1"}],"replies":[{"embeddable":true,"href":"https:\/\/miac.fr\/en\/wp-json\/wp\/v2\/comments?post=14"}],"version-history":[{"count":26,"href":"https:\/\/miac.fr\/en\/wp-json\/wp\/v2\/pages\/14\/revisions"}],"predecessor-version":[{"id":25580,"href":"https:\/\/miac.fr\/en\/wp-json\/wp\/v2\/pages\/14\/revisions\/25580"}],"wp:attachment":[{"href":"https:\/\/miac.fr\/en\/wp-json\/wp\/v2\/media?parent=14"}],"curies":[{"name":"wp","href":"https:\/\/api.w.org\/{rel}","templated":true}]}}