{"id":36,"date":"2016-04-22T22:51:04","date_gmt":"2016-04-22T21:51:04","guid":{"rendered":"http:\/\/globaldesigncreations.com\/espacemariton\/?page_id=36"},"modified":"2026-03-19T10:12:16","modified_gmt":"2026-03-19T10:12:16","slug":"bienvenus","status":"publish","type":"page","link":"https:\/\/miac.fr\/en\/","title":{"rendered":"WELCOME"},"content":{"rendered":"<p style=\"text-align: center;\"><span style=\"font-family: Times New Roman, serif;\"><span style=\"font-size: x-large;\">Location de bureaux et d\u2019ateliers dans une p\u00e9pini\u00e8re d\u2019artiste internationaux \u00e0 Saint-Ouen.<\/span><\/span><\/p>\n<p style=\"text-align: center;\">Bienvenue au Mariton International Art Center !<\/p>\n<p style=\"text-align: center;\">Rejoignez une communaut\u00e9 dynamique de 35 personnes venant de 14 nationalit\u00e9s, dont 12 artistes peintres et cr\u00e9atifs, ainsi que plusieurs entreprises de secteurs vari\u00e9s.<br \/>Situ\u00e9 \u00e0 Saint-Ouen, \u00e0 seulement 5 minutes du m\u00e9tro Garibaldi (ligne 13) et \u00e0 proximit\u00e9 imm\u00e9diate du march\u00e9 aux puces, le MIAC offre un espace de travail lumineux, isol\u00e9 et parfaitement cloisonn\u00e9 pour garantir confort et concentration.<\/p>\n<p style=\"text-align: center;\">Vous y trouverez une ambiance conviviale et chaleureuse, un v\u00e9ritable havre de paix, sans nuisances sonores ni olfactives. Avec sa belle hauteur sous plafond, son grand volume et sa luminosit\u00e9 naturelle, l\u2019espace est id\u00e9al pour les artistes, cr\u00e9atifs et professionnels en qu\u00eate d\u2019un lieu inspirant.<\/p>\n<p style=\"text-align: center;\">\u00catre artiste demande de l\u2019espace, du calme et un lieu o\u00f9 tout est \u00e0 la place qui lui convient.<\/p>\n<p style=\"text-align: center;\">Au MIAC, vous pouvez travailler, stocker votre mat\u00e9riel et retrouver l\u2019inspiration dans un environnement pens\u00e9 pour accompagner votre cr\u00e9ativit\u00e9 et vous permettre de cr\u00e9er selon votre mood.<\/p>\n<p style=\"text-align: center;\">Le MIAC met \u00e0 votre disposition le chauffage, l\u2019\u00e9lectricit\u00e9 ainsi qu\u2019une cuisine collective enti\u00e8rement \u00e9quip\u00e9e.<\/p>\n<p style=\"text-align: center;\">Location \u00e0 la journ\u00e9e possible.<\/p>\n<p>&nbsp;<\/p>\n<p>Disponible imm\u00e9diatement :<\/p>\n<p>15.03.26<\/p>\n<p>10 m2 au 1er \u00e0 310 \u20acHTcc 372 \u20acTT<\/p>\n<p>18 m2 au 2\u00e8me \u00e0 650 \u20acHTcc 780 \u20acTTC<\/p>\n<p>20 m2 au 2\u00e8me \u00e0 684 \u20acHTcc 820,80 \u20acTTC<\/p>\n<p>22 m2 au 2\u00e8me \u00e0 750 \u20acHTcc 900 \u20acTTC<\/p>\n<p>28 m2 au 2\u00e8me \u00e0 958,33 \u20acHTcc 1150 \u20acTTC<\/p>\n<p>33 m2 au 1er \u00e0 1025 \u20acHTcc 1230 \u20acTTC<\/p>\n<p>50m2 au 2\u00e8me \u00e0 1400 \u20acHTcc 1680 \u20acTTC<\/p>\n<p>19 m2 dans nouveau b\u00e2t. \u00e0 720 \u20acHTcc 864 \u20acTTC<\/p>\n<p>10m2 \/personne. 40 \u20acHT \/personne en plus.<\/p>\n<p style=\"text-align: center;\">jeremygani18@yahoo.fr<\/p>\n<p style=\"text-align: center;\">Jeremy Gani<\/p>\n<p style=\"text-align: center;\">WhatsApp\u00a0: +33608227544<\/p>\n<p style=\"text-align: center;\"><a href=\"http:\/\/www.miac.fr\">www.miac.fr<\/a><\/p>\n\n\n<div data-wp-interactive=\"core\/file\" class=\"wp-block-file\"><object data-wp-bind--hidden=\"!state.hasPdfPreview\" hidden class=\"wp-block-file__embed\" data=\"https:\/\/miac.fr\/wp-content\/uploads\/2026\/03\/Mariton-15.03.26-1.pdf\" type=\"application\/pdf\" style=\"width:100%;height:600px\" aria-label=\"Embed of Mariton 15.03.26.\"><\/object><a id=\"wp-block-file--media-59ddb1a1-3127-4603-9697-c655d26d7b44\" href=\"https:\/\/miac.fr\/wp-content\/uploads\/2026\/03\/Mariton-15.03.26-1.pdf\">Mariton 15.03.26<\/a><a href=\"https:\/\/miac.fr\/wp-content\/uploads\/2026\/03\/Mariton-15.03.26-1.pdf\" class=\"wp-block-file__button wp-element-button\" download aria-describedby=\"wp-block-file--media-59ddb1a1-3127-4603-9697-c655d26d7b44\">T\u00e9l\u00e9charger<\/a><\/div>\n","protected":false},"excerpt":{"rendered":"<p>Location de bureaux et d\u2019ateliers dans une p\u00e9pini\u00e8re d\u2019artiste internationaux \u00e0 Saint-Ouen. Bienvenue au Mariton International Art Center ! Rejoignez une communaut\u00e9 dynamique de 35 personnes venant de 14 nationalit\u00e9s, dont 12 artistes peintres et cr\u00e9atifs, ainsi que plusieurs entreprises de secteurs vari\u00e9s.Situ\u00e9 \u00e0 Saint-Ouen, \u00e0 seulement 5 minutes du m\u00e9tro Garibaldi (ligne 13) et &hellip; <a href=\"https:\/\/miac.fr\/en\/\" class=\"more-link\">Continue reading <span class=\"screen-reader-text\">WELCOME<\/span><\/a><\/p>\n","protected":false},"author":1,"featured_media":25150,"parent":0,"menu_order":0,"comment_status":"closed","ping_status":"closed","template":"page-templates\/full-width-page.php","meta":{"footnotes":""},"class_list":["post-36","page","type-page","status-publish","has-post-thumbnail","hentry","gallery-content-unit","with-featured-image"],"jetpack_sharing_enabled":true,"_links":{"self":[{"href":"https:\/\/miac.fr\/en\/wp-json\/wp\/v2\/pages\/36","targetHints":{"allow":["GET"]}}],"collection":[{"href":"https:\/\/miac.fr\/en\/wp-json\/wp\/v2\/pages"}],"about":[{"href":"https:\/\/miac.fr\/en\/wp-json\/wp\/v2\/types\/page"}],"author":[{"embeddable":true,"href":"https:\/\/miac.fr\/en\/wp-json\/wp\/v2\/users\/1"}],"replies":[{"embeddable":true,"href":"https:\/\/miac.fr\/en\/wp-json\/wp\/v2\/comments?post=36"}],"version-history":[{"count":29,"href":"https:\/\/miac.fr\/en\/wp-json\/wp\/v2\/pages\/36\/revisions"}],"predecessor-version":[{"id":26437,"href":"https:\/\/miac.fr\/en\/wp-json\/wp\/v2\/pages\/36\/revisions\/26437"}],"wp:featuredmedia":[{"embeddable":true,"href":"https:\/\/miac.fr\/en\/wp-json\/wp\/v2\/media\/25150"}],"wp:attachment":[{"href":"https:\/\/miac.fr\/en\/wp-json\/wp\/v2\/media?parent=36"}],"curies":[{"name":"wp","href":"https:\/\/api.w.org\/{rel}","templated":true}]}}