{"id":45,"date":"2016-04-22T23:23:24","date_gmt":"2016-04-22T22:23:24","guid":{"rendered":"http:\/\/globaldesigncreations.com\/espacemariton\/?page_id=45"},"modified":"2016-08-26T16:29:48","modified_gmt":"2016-08-26T16:29:48","slug":"les-artistes","status":"publish","type":"page","link":"https:\/\/miac.fr\/en\/les-artistes","title":{"rendered":"LES ARTISTES"},"content":{"rendered":"<p><\/p>\n<p style=\"text-align: center;\"><strong>Les artistes internationaux suivants font partie de notre p\u00e9pini\u00e8re, d\u00e9couvrez leur histoire.<\/strong><\/p>\n<p>&nbsp;<\/p>\n<p><img loading=\"lazy\" decoding=\"async\" class=\"alignnone size-medium wp-image-53\" src=\"http:\/\/globaldesigncreations.com\/espacemariton\/wp-content\/uploads\/sites\/2\/2016\/04\/Management-RH-et-personnes-en-situation-de-handicap-300x200.jpg\" alt=\"Management-RH-et-personnes-en-situation-de-handicap\" width=\"300\" height=\"200\" \/><\/p>\n<p><strong>Henry P, photographe am\u00e9ricain.<\/strong><\/p>\n<p><em>Post hanc adclinis Libano monti Phoenice, regio plena gratiarum et venustatis, urbibus decorata magnis et pulchris; in quibus amoenitate celebritateque nominum Tyros excellit, Sidon et Berytus isdemque pares Emissa et Damascus saeculis condita priscis.<\/em><\/p>\n<p><em>Utque aegrum corpus quassari etiam levibus solet offensis, ita animus eius angustus et tener, quicquid increpuisset, ad salutis suae dispendium existimans factum aut cogitatum, insontium caedibus fecit victoriam luctuosam.<\/em><\/p>\n<p><em>Nunc vero inanes flatus quorundam vile esse quicquid extra urbis pomerium nascitur aestimant praeter orbos et caelibes, nec credi potest qua obsequiorum diversitate coluntur homines sine liberis Romae.<\/em><\/p>\n<p>Tel : 0619203739 \/ Mail : ezjmoa@gmail.com \/ Site : www.frjisq.com<\/p>\n<hr \/>\n<p>&nbsp;<\/p>\n<p><img loading=\"lazy\" decoding=\"async\" class=\"alignnone size-medium wp-image-54\" src=\"http:\/\/globaldesigncreations.com\/espacemariton\/wp-content\/uploads\/sites\/2\/2016\/04\/photo-diapo-2-300x233.png\" alt=\"photo-diapo-2\" width=\"300\" height=\"233\" \/><\/p>\n<p><strong>Christine H, peintre australienne.<\/strong><\/p>\n<p><em>Post hanc adclinis Libano monti Phoenice, regio plena gratiarum et venustatis, urbibus decorata magnis et pulchris; in quibus amoenitate celebritateque nominum Tyros excellit, Sidon et Berytus isdemque pares Emissa et Damascus saeculis condita priscis.<\/em><\/p>\n<p><em>Utque aegrum corpus quassari etiam levibus solet offensis, ita animus eius angustus et tener, quicquid increpuisset, ad salutis suae dispendium existimans factum aut cogitatum, insontium caedibus fecit victoriam luctuosam.<\/em><\/p>\n<p><em>Nunc vero inanes flatus quorundam vile esse quicquid extra urbis pomerium nascitur aestimant praeter orbos et caelibes, nec credi potest qua obsequiorum diversitate coluntur homines sine liberis Romae.<\/em><\/p>\n<p><em>Tel : 0128302840 \/ Site : <\/em>www.edozq.com<\/p>\n<hr \/>\n<p>&nbsp;<\/p>\n<p><img loading=\"lazy\" decoding=\"async\" class=\"alignnone size-full wp-image-55\" src=\"http:\/\/globaldesigncreations.com\/espacemariton\/wp-content\/uploads\/sites\/2\/2016\/04\/conseillers-personnes-agees.jpg\" alt=\"conseillers-personnes-agees\" width=\"300\" height=\"300\" \/><\/p>\n<p><strong>Aur\u00e9lie M, plasticienne fran\u00e7aise.<\/strong><\/p>\n<p><em>Post hanc adclinis Libano monti Phoenice, regio plena gratiarum et venustatis, urbibus decorata magnis et pulchris; in quibus amoenitate celebritateque nominum Tyros excellit, Sidon et Berytus isdemque pares Emissa et Damascus saeculis condita priscis.<\/em><\/p>\n<p><em>Utque aegrum corpus quassari etiam levibus solet offensis, ita animus eius angustus et tener, quicquid increpuisset, ad salutis suae dispendium existimans factum aut cogitatum, insontium caedibus fecit victoriam luctuosam.<\/em><\/p>\n<p><em>Nunc vero inanes flatus quorundam vile esse quicquid extra urbis pomerium nascitur aestimant praeter orbos et caelibes, nec credi potest qua obsequiorum diversitate coluntur homines sine liberis Romae.<\/em><\/p>\n<p><em>Tel : 0128302840 \/ <\/em>Mail : jhekz@gmail.com<\/p>\n<p>&nbsp;<\/p>","protected":false},"excerpt":{"rendered":"<p>Les artistes internationaux suivants font partie de notre p\u00e9pini\u00e8re, d\u00e9couvrez leur histoire. &nbsp; Henry P, photographe am\u00e9ricain. Post hanc adclinis Libano monti Phoenice, regio plena gratiarum et venustatis, urbibus decorata magnis et pulchris; in quibus amoenitate celebritateque nominum Tyros excellit, Sidon et Berytus isdemque pares Emissa et Damascus saeculis condita priscis. Utque aegrum corpus quassari &hellip; <a href=\"https:\/\/miac.fr\/en\/les-artistes\" class=\"more-link\">Continue reading <span class=\"screen-reader-text\">LES ARTISTES<\/span><\/a><\/p>\n","protected":false},"author":1,"featured_media":0,"parent":0,"menu_order":0,"comment_status":"closed","ping_status":"closed","template":"","meta":{"footnotes":""},"class_list":["post-45","page","type-page","status-publish","hentry","gallery-content-unit","without-featured-image"],"jetpack_sharing_enabled":true,"_links":{"self":[{"href":"https:\/\/miac.fr\/en\/wp-json\/wp\/v2\/pages\/45","targetHints":{"allow":["GET"]}}],"collection":[{"href":"https:\/\/miac.fr\/en\/wp-json\/wp\/v2\/pages"}],"about":[{"href":"https:\/\/miac.fr\/en\/wp-json\/wp\/v2\/types\/page"}],"author":[{"embeddable":true,"href":"https:\/\/miac.fr\/en\/wp-json\/wp\/v2\/users\/1"}],"replies":[{"embeddable":true,"href":"https:\/\/miac.fr\/en\/wp-json\/wp\/v2\/comments?post=45"}],"version-history":[{"count":3,"href":"https:\/\/miac.fr\/en\/wp-json\/wp\/v2\/pages\/45\/revisions"}],"predecessor-version":[{"id":221,"href":"https:\/\/miac.fr\/en\/wp-json\/wp\/v2\/pages\/45\/revisions\/221"}],"wp:attachment":[{"href":"https:\/\/miac.fr\/en\/wp-json\/wp\/v2\/media?parent=45"}],"curies":[{"name":"wp","href":"https:\/\/api.w.org\/{rel}","templated":true}]}}